{"id":561,"date":"2023-07-11T16:42:43","date_gmt":"2023-07-11T14:42:43","guid":{"rendered":"https:\/\/bracia-ziolkowscy.uxtivity.com\/?post_type=product&#038;p=561"},"modified":"2026-02-03T09:37:06","modified_gmt":"2026-02-03T08:37:06","slug":"urnex-cafiza-proszek-do-czyszczenia-saszetka-jednorazowa","status":"publish","type":"product","link":"https:\/\/braciaziolkowscy.pl\/en\/product\/urnex-cafiza-proszek-do-czyszczenia-saszetka-jednorazowa\/","title":{"rendered":"Urnex Cafiza - Cleaning powder - Disposable sachet"},"content":{"rendered":"<p class=\"margin-bottom margin-small\">Cafiza cleaning powder. Cleaning detergent that eliminates deposits in group heads, valves and lines. Eliminates coffee residues and oils from the heads, valves and lines of coffee machines. Keeps filters clean. Can also be used to prepare a soaking solution for cleaning flasks, baskets, sieves and other parts.<\/p>\n<p>Developed for an optimum balance of solubility and foaming. Odourless.<\/p>","protected":false},"excerpt":{"rendered":"<p>Proszek do czyszczenia Cafiza. Detergent do czyszczenia, kt\u00f3ry eliminuje osady w g\u0142owicach grup, zaworach i przewodach. Eliminuje pozosta\u0142o\u015bci kawy i oleje z g\u0142owic, zawor\u00f3w i przewod\u00f3w ekspres\u00f3w do kawy. Utrzymuje filtry w czysto\u015bci. Mo\u017ce by\u0107 r\u00f3wnie\u017c u\u017cywany do przygotowania roztworu do namaczania do czyszczenia kolby, koszy, sit i innych cz\u0119\u015bci. Opracowany dla optymalnej r\u00f3wnowagi rozpuszczalno\u015bci [&hellip;]<\/p>\n","protected":false},"featured_media":562,"template":"","format":"standard","meta":{"_acf_changed":false},"product_brand":[],"product_cat":[25],"product_tag":[],"class_list":{"0":"post-561","1":"product","2":"type-product","3":"status-publish","4":"format-standard","5":"has-post-thumbnail","7":"product_cat-akcesoria","9":"first","10":"instock","11":"taxable","12":"shipping-taxable","13":"purchasable","14":"product-type-simple"},"composite_virtual":false,"composite_layout":"","composite_add_to_cart_form_location":"","composite_editable_in_cart":false,"composite_sold_individually_context":"","composite_shop_price_calc":"","composite_components":[],"composite_scenarios":[],"acf":[],"wcpa_form_fields":null,"_links":{"self":[{"href":"https:\/\/braciaziolkowscy.pl\/en\/wp-json\/wp\/v2\/product\/561","targetHints":{"allow":["GET"]}}],"collection":[{"href":"https:\/\/braciaziolkowscy.pl\/en\/wp-json\/wp\/v2\/product"}],"about":[{"href":"https:\/\/braciaziolkowscy.pl\/en\/wp-json\/wp\/v2\/types\/product"}],"wp:featuredmedia":[{"embeddable":true,"href":"https:\/\/braciaziolkowscy.pl\/en\/wp-json\/wp\/v2\/media\/562"}],"wp:attachment":[{"href":"https:\/\/braciaziolkowscy.pl\/en\/wp-json\/wp\/v2\/media?parent=561"}],"wp:term":[{"taxonomy":"product_brand","embeddable":true,"href":"https:\/\/braciaziolkowscy.pl\/en\/wp-json\/wp\/v2\/product_brand?post=561"},{"taxonomy":"product_cat","embeddable":true,"href":"https:\/\/braciaziolkowscy.pl\/en\/wp-json\/wp\/v2\/product_cat?post=561"},{"taxonomy":"product_tag","embeddable":true,"href":"https:\/\/braciaziolkowscy.pl\/en\/wp-json\/wp\/v2\/product_tag?post=561"}],"curies":[{"name":"wp","href":"https:\/\/api.w.org\/{rel}","templated":true}]}}