{"id":397,"date":"2023-06-29T12:40:06","date_gmt":"2023-06-29T10:40:06","guid":{"rendered":"https:\/\/bracia-ziolkowscy.uxtivity.com\/?post_type=product&#038;p=397"},"modified":"2025-11-10T21:38:09","modified_gmt":"2025-11-10T20:38:09","slug":"bialetti-moka-express-6tz-kawiarka","status":"publish","type":"product","link":"https:\/\/braciaziolkowscy.pl\/en\/product\/bialetti-moka-express-6tz-kawiarka\/","title":{"rendered":"Bialetti Moka Express 6tz - Coffee maker"},"content":{"rendered":"<p class=\"margin-bottom margin-small\">The coffee machine needs no introduction to anyone. Here in the perfect size for two coffees.<\/p>\n<p class=\"margin-bottom margin-small\">A perfect example of Art Deco, the Moka has a design that has been refined over the years. To make this icon an increasingly ergonomic, elegant appliance, while retaining the same functional features that made it perfect in its simplicity: the collection chamber, the octagonal aluminium boiler and the unique, verifiable, easy-to-clean valve.<\/p>\n<p class=\"margin-bottom margin-small\">The Bialetti Moka Express can be used on gas and electric burners. Position the product so that the handle is out of reach of the heat source. The coffee machine should be washed by hand, without detergent. It is not suitable for washing in the dishwasher.<\/p>\n<p>lfonso Bialetti developed the original Moka Express almost 100 years ago.<\/p>","protected":false},"excerpt":{"rendered":"<p>Kawiarki nie trzeba nikomu przedstawia\u0107. Tutaj w rozmiarze idealnym na dwie kawy. Doskona\u0142y przyk\u0142ad Art Deco, Moka ma design, kt\u00f3ry przez lata by\u0142 udoskonalany. Aby ikona ta sta\u0142a si\u0119 coraz bardziej ergonomicznym, eleganckim urz\u0105dzeniem, zachowuj\u0105c te same cechy funkcjonalne, kt\u00f3re uczyni\u0142y j\u0105 idealn\u0105 w swojej prostocie: komor\u0119 zbiorcz\u0105, o\u015bmiok\u0105tn\u0105 aluminiowy kocio\u0142 oraz unikalny, mo\u017cliwy do [&hellip;]<\/p>\n","protected":false},"featured_media":503,"template":"","format":"standard","meta":{"_acf_changed":false},"product_brand":[],"product_cat":[25],"product_tag":[],"class_list":{"0":"post-397","1":"product","2":"type-product","3":"status-publish","4":"format-standard","5":"has-post-thumbnail","7":"product_cat-akcesoria","9":"first","10":"instock","11":"taxable","12":"shipping-taxable","13":"purchasable","14":"product-type-simple"},"composite_virtual":false,"composite_layout":"","composite_add_to_cart_form_location":"","composite_editable_in_cart":false,"composite_sold_individually_context":"","composite_shop_price_calc":"","composite_components":[],"composite_scenarios":[],"acf":[],"wcpa_form_fields":null,"_links":{"self":[{"href":"https:\/\/braciaziolkowscy.pl\/en\/wp-json\/wp\/v2\/product\/397","targetHints":{"allow":["GET"]}}],"collection":[{"href":"https:\/\/braciaziolkowscy.pl\/en\/wp-json\/wp\/v2\/product"}],"about":[{"href":"https:\/\/braciaziolkowscy.pl\/en\/wp-json\/wp\/v2\/types\/product"}],"wp:featuredmedia":[{"embeddable":true,"href":"https:\/\/braciaziolkowscy.pl\/en\/wp-json\/wp\/v2\/media\/503"}],"wp:attachment":[{"href":"https:\/\/braciaziolkowscy.pl\/en\/wp-json\/wp\/v2\/media?parent=397"}],"wp:term":[{"taxonomy":"product_brand","embeddable":true,"href":"https:\/\/braciaziolkowscy.pl\/en\/wp-json\/wp\/v2\/product_brand?post=397"},{"taxonomy":"product_cat","embeddable":true,"href":"https:\/\/braciaziolkowscy.pl\/en\/wp-json\/wp\/v2\/product_cat?post=397"},{"taxonomy":"product_tag","embeddable":true,"href":"https:\/\/braciaziolkowscy.pl\/en\/wp-json\/wp\/v2\/product_tag?post=397"}],"curies":[{"name":"wp","href":"https:\/\/api.w.org\/{rel}","templated":true}]}}