{"id":281997,"date":"2026-04-27T14:31:56","date_gmt":"2026-04-27T12:31:56","guid":{"rendered":"https:\/\/braciaziolkowscy.pl\/?post_type=product&#038;p=281997"},"modified":"2026-04-27T14:31:56","modified_gmt":"2026-04-27T12:31:56","slug":"corazon-de-jesus-espresso","status":"publish","type":"product","link":"https:\/\/braciaziolkowscy.pl\/en\/product\/corazon-de-jesus-espresso\/","title":{"rendered":"Coraz\u00f3n de Jesus espresso"},"content":{"rendered":"<p>Ferment w espresso. Ale jaki! Co\u015b dla mi\u0142o\u015bnik\u00f3w rze\u015bkich, kwasowych i owocowych s\u0142odziak\u00f3w. Owoce, mleczna czekolada, aksamitne body. Czy sprawdzi si\u0119 w espresso? No pewnie. Ale z mlekiem te\u017c dzia\u0142a.<\/p>","protected":false},"excerpt":{"rendered":"<p>Ferment w espresso. Ale jaki! Co\u015b dla mi\u0142o\u015bnik\u00f3w rze\u015bkich, kwasowych i owocowych s\u0142odziak\u00f3w. Owoce, mleczna czekolada, aksamitne body. Czy sprawdzi si\u0119 w espresso? No pewnie. Ale z mlekiem te\u017c dzia\u0142a.<\/p>","protected":false},"featured_media":282091,"template":"","format":"standard","meta":{"_acf_changed":false},"product_brand":[],"product_cat":[22,97],"product_tag":[],"class_list":{"0":"post-281997","1":"product","2":"type-product","3":"status-publish","4":"format-standard","5":"has-post-thumbnail","7":"product_cat-do-ekspresow-i-kawiarek","8":"product_cat-nowosci","10":"first","11":"instock","12":"taxable","13":"shipping-taxable","14":"purchasable","15":"product-type-variable","16":"has-default-attributes"},"composite_virtual":false,"composite_layout":"","composite_add_to_cart_form_location":"","composite_editable_in_cart":false,"composite_sold_individually_context":"","composite_shop_price_calc":"","composite_components":[],"composite_scenarios":[],"acf":[],"wcpa_form_fields":null,"_links":{"self":[{"href":"https:\/\/braciaziolkowscy.pl\/en\/wp-json\/wp\/v2\/product\/281997","targetHints":{"allow":["GET"]}}],"collection":[{"href":"https:\/\/braciaziolkowscy.pl\/en\/wp-json\/wp\/v2\/product"}],"about":[{"href":"https:\/\/braciaziolkowscy.pl\/en\/wp-json\/wp\/v2\/types\/product"}],"wp:featuredmedia":[{"embeddable":true,"href":"https:\/\/braciaziolkowscy.pl\/en\/wp-json\/wp\/v2\/media\/282091"}],"wp:attachment":[{"href":"https:\/\/braciaziolkowscy.pl\/en\/wp-json\/wp\/v2\/media?parent=281997"}],"wp:term":[{"taxonomy":"product_brand","embeddable":true,"href":"https:\/\/braciaziolkowscy.pl\/en\/wp-json\/wp\/v2\/product_brand?post=281997"},{"taxonomy":"product_cat","embeddable":true,"href":"https:\/\/braciaziolkowscy.pl\/en\/wp-json\/wp\/v2\/product_cat?post=281997"},{"taxonomy":"product_tag","embeddable":true,"href":"https:\/\/braciaziolkowscy.pl\/en\/wp-json\/wp\/v2\/product_tag?post=281997"}],"curies":[{"name":"wp","href":"https:\/\/api.w.org\/{rel}","templated":true}]}}