{"id":281992,"date":"2026-04-22T09:57:31","date_gmt":"2026-04-22T07:57:31","guid":{"rendered":"https:\/\/braciaziolkowscy.pl\/?post_type=product&#038;p=281992"},"modified":"2026-04-22T09:57:31","modified_gmt":"2026-04-22T07:57:31","slug":"corazon-de-jesus","status":"publish","type":"product","link":"https:\/\/braciaziolkowscy.pl\/en\/product\/corazon-de-jesus\/","title":{"rendered":"Coraz\u00f3n de Jesus"},"content":{"rendered":"<p>Od dawna marzy\u0142a nam si\u0119 taka kawa \u2013 owocowa, z nut\u0105 fermentu i nieco winnym charakterem. Owoce bardzo dojrza\u0142e, z tropikalnym pazurem. S\u0142odka, z\u0142o\u017cona, mo\u017cna od niej zaczyna\u0107 ka\u017cdy dzie\u0144!<\/p>","protected":false},"excerpt":{"rendered":"<p>Od dawna marzy\u0142a nam si\u0119 taka kawa \u2013 owocowa, z nut\u0105 fermentu i nieco winnym charakterem. Owoce bardzo dojrza\u0142e, z tropikalnym pazurem. S\u0142odka, z\u0142o\u017cona, mo\u017cna od niej zaczyna\u0107 ka\u017cdy dzie\u0144!<\/p>","protected":false},"featured_media":282095,"template":"","format":"standard","meta":{"_acf_changed":false},"product_brand":[],"product_cat":[39,97],"product_tag":[],"class_list":{"0":"post-281992","1":"product","2":"type-product","3":"status-publish","4":"format-standard","5":"has-post-thumbnail","7":"product_cat-do-przelewow","8":"product_cat-nowosci","10":"first","11":"instock","12":"taxable","13":"shipping-taxable","14":"purchasable","15":"product-type-variable","16":"has-default-attributes"},"composite_virtual":false,"composite_layout":"","composite_add_to_cart_form_location":"","composite_editable_in_cart":false,"composite_sold_individually_context":"","composite_shop_price_calc":"","composite_components":[],"composite_scenarios":[],"acf":[],"wcpa_form_fields":null,"_links":{"self":[{"href":"https:\/\/braciaziolkowscy.pl\/en\/wp-json\/wp\/v2\/product\/281992","targetHints":{"allow":["GET"]}}],"collection":[{"href":"https:\/\/braciaziolkowscy.pl\/en\/wp-json\/wp\/v2\/product"}],"about":[{"href":"https:\/\/braciaziolkowscy.pl\/en\/wp-json\/wp\/v2\/types\/product"}],"wp:featuredmedia":[{"embeddable":true,"href":"https:\/\/braciaziolkowscy.pl\/en\/wp-json\/wp\/v2\/media\/282095"}],"wp:attachment":[{"href":"https:\/\/braciaziolkowscy.pl\/en\/wp-json\/wp\/v2\/media?parent=281992"}],"wp:term":[{"taxonomy":"product_brand","embeddable":true,"href":"https:\/\/braciaziolkowscy.pl\/en\/wp-json\/wp\/v2\/product_brand?post=281992"},{"taxonomy":"product_cat","embeddable":true,"href":"https:\/\/braciaziolkowscy.pl\/en\/wp-json\/wp\/v2\/product_cat?post=281992"},{"taxonomy":"product_tag","embeddable":true,"href":"https:\/\/braciaziolkowscy.pl\/en\/wp-json\/wp\/v2\/product_tag?post=281992"}],"curies":[{"name":"wp","href":"https:\/\/api.w.org\/{rel}","templated":true}]}}