{"id":281804,"date":"2026-04-20T11:56:19","date_gmt":"2026-04-20T09:56:19","guid":{"rendered":"https:\/\/braciaziolkowscy.pl\/?post_type=product&#038;p=281804"},"modified":"2026-04-20T11:56:19","modified_gmt":"2026-04-20T09:56:19","slug":"uganda-mubende","status":"publish","type":"product","link":"https:\/\/braciaziolkowscy.pl\/en\/product\/uganda-mubende\/","title":{"rendered":"Uganda Mubende"},"content":{"rendered":"<p>Idealny codzienny przelew. S\u0142odki i otulaj\u0105cy, z \u0142agodnym profilem smakowym i bardzo nisk\u0105 kwasowo\u015bci\u0105. Zaparzcie pe\u0142en termos i pijcie przez ca\u0142y dzie\u0144.<\/p>","protected":false},"excerpt":{"rendered":"<p>Idealny codzienny przelew. S\u0142odki i otulaj\u0105cy, z \u0142agodnym profilem smakowym i bardzo nisk\u0105 kwasowo\u015bci\u0105. Zaparzcie pe\u0142en termos i pijcie przez ca\u0142y dzie\u0144.<\/p>","protected":false},"featured_media":282367,"template":"","format":"standard","meta":{"_acf_changed":false},"product_brand":[],"product_cat":[39,97],"product_tag":[],"class_list":{"0":"post-281804","1":"product","2":"type-product","3":"status-publish","4":"format-standard","5":"has-post-thumbnail","7":"product_cat-do-przelewow","8":"product_cat-nowosci","10":"first","11":"instock","12":"taxable","13":"shipping-taxable","14":"purchasable","15":"product-type-variable","16":"has-default-attributes"},"composite_virtual":false,"composite_layout":"","composite_add_to_cart_form_location":"","composite_editable_in_cart":false,"composite_sold_individually_context":"","composite_shop_price_calc":"","composite_components":[],"composite_scenarios":[],"acf":[],"wcpa_form_fields":null,"_links":{"self":[{"href":"https:\/\/braciaziolkowscy.pl\/en\/wp-json\/wp\/v2\/product\/281804","targetHints":{"allow":["GET"]}}],"collection":[{"href":"https:\/\/braciaziolkowscy.pl\/en\/wp-json\/wp\/v2\/product"}],"about":[{"href":"https:\/\/braciaziolkowscy.pl\/en\/wp-json\/wp\/v2\/types\/product"}],"wp:featuredmedia":[{"embeddable":true,"href":"https:\/\/braciaziolkowscy.pl\/en\/wp-json\/wp\/v2\/media\/282367"}],"wp:attachment":[{"href":"https:\/\/braciaziolkowscy.pl\/en\/wp-json\/wp\/v2\/media?parent=281804"}],"wp:term":[{"taxonomy":"product_brand","embeddable":true,"href":"https:\/\/braciaziolkowscy.pl\/en\/wp-json\/wp\/v2\/product_brand?post=281804"},{"taxonomy":"product_cat","embeddable":true,"href":"https:\/\/braciaziolkowscy.pl\/en\/wp-json\/wp\/v2\/product_cat?post=281804"},{"taxonomy":"product_tag","embeddable":true,"href":"https:\/\/braciaziolkowscy.pl\/en\/wp-json\/wp\/v2\/product_tag?post=281804"}],"curies":[{"name":"wp","href":"https:\/\/api.w.org\/{rel}","templated":true}]}}