{"id":281269,"date":"2026-04-23T09:25:48","date_gmt":"2026-04-23T07:25:48","guid":{"rendered":"https:\/\/braciaziolkowscy.pl\/?post_type=product&#038;p=281269"},"modified":"2026-04-23T12:05:11","modified_gmt":"2026-04-23T10:05:11","slug":"kolumbia-monteblanco-blueberry-2","status":"publish","type":"product","link":"https:\/\/braciaziolkowscy.pl\/en\/product\/kolumbia-monteblanco-blueberry-2\/","title":{"rendered":"Colombia Monteblanco Blueberry"},"content":{"rendered":"<p>O rety! Kawy ze wzbogaconych fermentacji palimy ju\u017c od jakiego\u015b czasu, ale tego jeszcze nie by\u0142o. Karmel, s\u0142odycz kr\u00f3wek a mo\u017ce toffi w mlecznej czekoladzie. A na wierzchu piramida jag\u00f3d. Dobre to jest!<\/p>","protected":false},"excerpt":{"rendered":"<p>O rety! Kawy ze wzbogaconych fermentacji palimy ju\u017c od jakiego\u015b czasu, ale tego jeszcze nie by\u0142o. Karmel, s\u0142odycz kr\u00f3wek a mo\u017ce toffi w mlecznej czekoladzie. A na wierzchu piramida jag\u00f3d. Dobre to jest!<\/p>","protected":false},"featured_media":281868,"template":"","format":"standard","meta":{"_acf_changed":false},"product_brand":[],"product_cat":[39,97],"product_tag":[],"class_list":{"0":"post-281269","1":"product","2":"type-product","3":"status-publish","4":"format-standard","5":"has-post-thumbnail","7":"product_cat-do-przelewow","8":"product_cat-nowosci","10":"first","11":"instock","12":"taxable","13":"shipping-taxable","14":"purchasable","15":"product-type-variable","16":"has-default-attributes"},"composite_virtual":false,"composite_layout":"","composite_add_to_cart_form_location":"","composite_editable_in_cart":false,"composite_sold_individually_context":"","composite_shop_price_calc":"","composite_components":[],"composite_scenarios":[],"acf":[],"wcpa_form_fields":null,"_links":{"self":[{"href":"https:\/\/braciaziolkowscy.pl\/en\/wp-json\/wp\/v2\/product\/281269","targetHints":{"allow":["GET"]}}],"collection":[{"href":"https:\/\/braciaziolkowscy.pl\/en\/wp-json\/wp\/v2\/product"}],"about":[{"href":"https:\/\/braciaziolkowscy.pl\/en\/wp-json\/wp\/v2\/types\/product"}],"wp:featuredmedia":[{"embeddable":true,"href":"https:\/\/braciaziolkowscy.pl\/en\/wp-json\/wp\/v2\/media\/281868"}],"wp:attachment":[{"href":"https:\/\/braciaziolkowscy.pl\/en\/wp-json\/wp\/v2\/media?parent=281269"}],"wp:term":[{"taxonomy":"product_brand","embeddable":true,"href":"https:\/\/braciaziolkowscy.pl\/en\/wp-json\/wp\/v2\/product_brand?post=281269"},{"taxonomy":"product_cat","embeddable":true,"href":"https:\/\/braciaziolkowscy.pl\/en\/wp-json\/wp\/v2\/product_cat?post=281269"},{"taxonomy":"product_tag","embeddable":true,"href":"https:\/\/braciaziolkowscy.pl\/en\/wp-json\/wp\/v2\/product_tag?post=281269"}],"curies":[{"name":"wp","href":"https:\/\/api.w.org\/{rel}","templated":true}]}}