{"id":281234,"date":"2026-04-20T12:51:19","date_gmt":"2026-04-20T10:51:19","guid":{"rendered":"https:\/\/braciaziolkowscy.pl\/?post_type=product&#038;p=281234"},"modified":"2026-04-20T12:51:19","modified_gmt":"2026-04-20T10:51:19","slug":"wietnam-quang-tri-anaerobic","status":"publish","type":"product","link":"https:\/\/braciaziolkowscy.pl\/en\/product\/wietnam-quang-tri-anaerobic\/","title":{"rendered":"Wietnam Qu\u1ea3ng Tr\u1ecb Anaerobic"},"content":{"rendered":"<p>Debiutuje u nas Liberika \u2013 unikatowy i ma\u0142o odkryty gatunek kawowca. Zupe\u0142nie zaskakuj\u0105cy profil smakowy. Czego\u015b takiego jeszcze nie pili\u015bcie, gwarantujemy Wam to.<\/p>","protected":false},"excerpt":{"rendered":"<p>Debiutuje u nas Liberika \u2013 unikatowy i ma\u0142o odkryty gatunek kawowca. Zupe\u0142nie zaskakuj\u0105cy profil smakowy. Czego\u015b takiego jeszcze nie pili\u015bcie, gwarantujemy Wam to.<\/p>","protected":false},"featured_media":282355,"template":"","format":"standard","meta":{"_acf_changed":false},"product_brand":[],"product_cat":[39,97],"product_tag":[],"class_list":{"0":"post-281234","1":"product","2":"type-product","3":"status-publish","4":"format-standard","5":"has-post-thumbnail","7":"product_cat-do-przelewow","8":"product_cat-nowosci","10":"first","11":"instock","12":"taxable","13":"shipping-taxable","14":"purchasable","15":"product-type-variable","16":"has-default-attributes"},"composite_virtual":false,"composite_layout":"","composite_add_to_cart_form_location":"","composite_editable_in_cart":false,"composite_sold_individually_context":"","composite_shop_price_calc":"","composite_components":[],"composite_scenarios":[],"acf":[],"wcpa_form_fields":null,"_links":{"self":[{"href":"https:\/\/braciaziolkowscy.pl\/en\/wp-json\/wp\/v2\/product\/281234","targetHints":{"allow":["GET"]}}],"collection":[{"href":"https:\/\/braciaziolkowscy.pl\/en\/wp-json\/wp\/v2\/product"}],"about":[{"href":"https:\/\/braciaziolkowscy.pl\/en\/wp-json\/wp\/v2\/types\/product"}],"wp:featuredmedia":[{"embeddable":true,"href":"https:\/\/braciaziolkowscy.pl\/en\/wp-json\/wp\/v2\/media\/282355"}],"wp:attachment":[{"href":"https:\/\/braciaziolkowscy.pl\/en\/wp-json\/wp\/v2\/media?parent=281234"}],"wp:term":[{"taxonomy":"product_brand","embeddable":true,"href":"https:\/\/braciaziolkowscy.pl\/en\/wp-json\/wp\/v2\/product_brand?post=281234"},{"taxonomy":"product_cat","embeddable":true,"href":"https:\/\/braciaziolkowscy.pl\/en\/wp-json\/wp\/v2\/product_cat?post=281234"},{"taxonomy":"product_tag","embeddable":true,"href":"https:\/\/braciaziolkowscy.pl\/en\/wp-json\/wp\/v2\/product_tag?post=281234"}],"curies":[{"name":"wp","href":"https:\/\/api.w.org\/{rel}","templated":true}]}}