{"id":280556,"date":"2026-04-23T10:12:17","date_gmt":"2026-04-23T08:12:17","guid":{"rendered":"https:\/\/braciaziolkowscy.pl\/?post_type=product&#038;p=280556"},"modified":"2026-04-23T12:05:18","modified_gmt":"2026-04-23T10:05:18","slug":"kostaryka-ivan-gutierrez-sl28","status":"publish","type":"product","link":"https:\/\/braciaziolkowscy.pl\/en\/product\/kostaryka-ivan-gutierrez-sl28\/","title":{"rendered":"Kostaryka Ivan Guti\u00e9rrez SL28"},"content":{"rendered":"<p>Ulubiony wyb\u00f3r M\u0142odszego Brata, z\u0142o\u017cona, g\u0142\u0119boka, z bardzo d\u0142ugim posmakiem. Kenijska odmiana SL28, z wielk\u0105 staranno\u015bci\u0105 uprawiana w Kostaryce daje niezwyk\u0142e efekty!<\/p>","protected":false},"excerpt":{"rendered":"<p>Ulubiony wyb\u00f3r M\u0142odszego Brata, z\u0142o\u017cona, g\u0142\u0119boka, z bardzo d\u0142ugim posmakiem. Kenijska odmiana SL28, z wielk\u0105 staranno\u015bci\u0105 uprawiana w Kostaryce daje niezwyk\u0142e efekty!<\/p>","protected":false},"featured_media":280735,"template":"","format":"standard","meta":{"_acf_changed":false},"product_brand":[],"product_cat":[39,97],"product_tag":[],"class_list":{"0":"post-280556","1":"product","2":"type-product","3":"status-publish","4":"format-standard","5":"has-post-thumbnail","7":"product_cat-do-przelewow","8":"product_cat-nowosci","10":"first","11":"instock","12":"taxable","13":"shipping-taxable","14":"purchasable","15":"product-type-variable","16":"has-default-attributes"},"composite_virtual":false,"composite_layout":"","composite_add_to_cart_form_location":"","composite_editable_in_cart":false,"composite_sold_individually_context":"","composite_shop_price_calc":"","composite_components":[],"composite_scenarios":[],"acf":[],"wcpa_form_fields":null,"_links":{"self":[{"href":"https:\/\/braciaziolkowscy.pl\/en\/wp-json\/wp\/v2\/product\/280556","targetHints":{"allow":["GET"]}}],"collection":[{"href":"https:\/\/braciaziolkowscy.pl\/en\/wp-json\/wp\/v2\/product"}],"about":[{"href":"https:\/\/braciaziolkowscy.pl\/en\/wp-json\/wp\/v2\/types\/product"}],"wp:featuredmedia":[{"embeddable":true,"href":"https:\/\/braciaziolkowscy.pl\/en\/wp-json\/wp\/v2\/media\/280735"}],"wp:attachment":[{"href":"https:\/\/braciaziolkowscy.pl\/en\/wp-json\/wp\/v2\/media?parent=280556"}],"wp:term":[{"taxonomy":"product_brand","embeddable":true,"href":"https:\/\/braciaziolkowscy.pl\/en\/wp-json\/wp\/v2\/product_brand?post=280556"},{"taxonomy":"product_cat","embeddable":true,"href":"https:\/\/braciaziolkowscy.pl\/en\/wp-json\/wp\/v2\/product_cat?post=280556"},{"taxonomy":"product_tag","embeddable":true,"href":"https:\/\/braciaziolkowscy.pl\/en\/wp-json\/wp\/v2\/product_tag?post=280556"}],"curies":[{"name":"wp","href":"https:\/\/api.w.org\/{rel}","templated":true}]}}