{"id":279657,"date":"2025-12-17T09:46:27","date_gmt":"2025-12-17T08:46:27","guid":{"rendered":"https:\/\/braciaziolkowscy.pl\/?post_type=product&#038;p=279657"},"modified":"2026-03-25T08:04:06","modified_gmt":"2026-03-25T07:04:06","slug":"china-golden-yunnan","status":"publish","type":"product","link":"https:\/\/braciaziolkowscy.pl\/en\/product\/china-golden-yunnan\/","title":{"rendered":"China Golden Yunnan"},"content":{"rendered":"<p>A fantastic, classic Chinese black tea. Large, pretty leaves. Juicy, slightly citrusy and spicy.<\/p>\n<p>&nbsp;<\/p>\n<p><b>Composition: <\/b>100% black leaf tea<\/p>\n<p>&nbsp;<\/p>\n<p><b>Weight: <\/b>70g<\/p>\n<p>&nbsp;<\/p>\n<p><b>Brewing method: <\/b>12 g of tea per 1 litre of water at 100\u2103. Steep for 2-4 min. One infusion.<\/p>","protected":false},"excerpt":{"rendered":"<p>Fantastyczna, klasyczna czarna herbata chi\u0144ska. Du\u017ce, \u0142adne li\u015bcie. Soczysta, lekko cytrusowa i korzenna. &nbsp; Sk\u0142ad: 100% czarna herbata li\u015bciasta &nbsp; Waga: 70g &nbsp; Spos\u00f3b zaparzania: 12 g herbaty na 1 litr wody o temperaturze 100\u2103. Parzy\u0107 2-4 min. Jedno zalanie.<\/p>","protected":false},"featured_media":280099,"template":"","format":"standard","meta":{"_acf_changed":false},"product_brand":[],"product_cat":[26],"product_tag":[],"class_list":{"0":"post-279657","1":"product","2":"type-product","3":"status-publish","4":"format-standard","5":"has-post-thumbnail","7":"product_cat-herbaty","9":"first","10":"instock","11":"taxable","12":"shipping-taxable","13":"purchasable","14":"product-type-simple"},"composite_virtual":false,"composite_layout":"","composite_add_to_cart_form_location":"","composite_editable_in_cart":false,"composite_sold_individually_context":"","composite_shop_price_calc":"","composite_components":[],"composite_scenarios":[],"acf":[],"wcpa_form_fields":null,"_links":{"self":[{"href":"https:\/\/braciaziolkowscy.pl\/en\/wp-json\/wp\/v2\/product\/279657","targetHints":{"allow":["GET"]}}],"collection":[{"href":"https:\/\/braciaziolkowscy.pl\/en\/wp-json\/wp\/v2\/product"}],"about":[{"href":"https:\/\/braciaziolkowscy.pl\/en\/wp-json\/wp\/v2\/types\/product"}],"wp:featuredmedia":[{"embeddable":true,"href":"https:\/\/braciaziolkowscy.pl\/en\/wp-json\/wp\/v2\/media\/280099"}],"wp:attachment":[{"href":"https:\/\/braciaziolkowscy.pl\/en\/wp-json\/wp\/v2\/media?parent=279657"}],"wp:term":[{"taxonomy":"product_brand","embeddable":true,"href":"https:\/\/braciaziolkowscy.pl\/en\/wp-json\/wp\/v2\/product_brand?post=279657"},{"taxonomy":"product_cat","embeddable":true,"href":"https:\/\/braciaziolkowscy.pl\/en\/wp-json\/wp\/v2\/product_cat?post=279657"},{"taxonomy":"product_tag","embeddable":true,"href":"https:\/\/braciaziolkowscy.pl\/en\/wp-json\/wp\/v2\/product_tag?post=279657"}],"curies":[{"name":"wp","href":"https:\/\/api.w.org\/{rel}","templated":true}]}}