{"id":279519,"date":"2026-01-08T16:40:27","date_gmt":"2026-01-08T15:40:27","guid":{"rendered":"https:\/\/braciaziolkowscy.pl\/?post_type=product&#038;p=279519"},"modified":"2026-03-09T13:53:01","modified_gmt":"2026-03-09T12:53:01","slug":"cascara-hacienda-sonora","status":"publish","type":"product","link":"https:\/\/braciaziolkowscy.pl\/en\/product\/cascara-hacienda-sonora\/","title":{"rendered":"Cascara Hacienda Sonora"},"content":{"rendered":"<p>Not quite tea, not quite coffee. A sweet, juicy and stimulating cascara from one of our favourite specialty farms. You'll like it from the first time you taste it.<\/p>\n<p>&nbsp;<\/p>\n<p><strong>Weight:<\/strong> 250g<\/p>","protected":false},"excerpt":{"rendered":"<p>Nie ca\u0142kiem herbata, nie ca\u0142kiem kawa. S\u0142odka, soczysta i pobudzaj\u0105ca cascara z jednej z naszych ulubionych farm specialty. Polubicie j\u0105 od pierwszego razu. &nbsp; Waga: 250g<\/p>","protected":false},"featured_media":280394,"template":"","format":"standard","meta":{"_acf_changed":false},"product_brand":[],"product_cat":[26],"product_tag":[],"class_list":{"0":"post-279519","1":"product","2":"type-product","3":"status-publish","4":"format-standard","5":"has-post-thumbnail","7":"product_cat-herbaty","9":"first","10":"instock","11":"taxable","12":"shipping-taxable","13":"purchasable","14":"product-type-simple"},"composite_virtual":false,"composite_layout":"","composite_add_to_cart_form_location":"","composite_editable_in_cart":false,"composite_sold_individually_context":"","composite_shop_price_calc":"","composite_components":[],"composite_scenarios":[],"acf":[],"wcpa_form_fields":null,"_links":{"self":[{"href":"https:\/\/braciaziolkowscy.pl\/en\/wp-json\/wp\/v2\/product\/279519","targetHints":{"allow":["GET"]}}],"collection":[{"href":"https:\/\/braciaziolkowscy.pl\/en\/wp-json\/wp\/v2\/product"}],"about":[{"href":"https:\/\/braciaziolkowscy.pl\/en\/wp-json\/wp\/v2\/types\/product"}],"wp:featuredmedia":[{"embeddable":true,"href":"https:\/\/braciaziolkowscy.pl\/en\/wp-json\/wp\/v2\/media\/280394"}],"wp:attachment":[{"href":"https:\/\/braciaziolkowscy.pl\/en\/wp-json\/wp\/v2\/media?parent=279519"}],"wp:term":[{"taxonomy":"product_brand","embeddable":true,"href":"https:\/\/braciaziolkowscy.pl\/en\/wp-json\/wp\/v2\/product_brand?post=279519"},{"taxonomy":"product_cat","embeddable":true,"href":"https:\/\/braciaziolkowscy.pl\/en\/wp-json\/wp\/v2\/product_cat?post=279519"},{"taxonomy":"product_tag","embeddable":true,"href":"https:\/\/braciaziolkowscy.pl\/en\/wp-json\/wp\/v2\/product_tag?post=279519"}],"curies":[{"name":"wp","href":"https:\/\/api.w.org\/{rel}","templated":true}]}}