{"id":278456,"date":"2025-12-05T11:20:44","date_gmt":"2025-12-05T10:20:44","guid":{"rendered":"https:\/\/braciaziolkowscy.pl\/?post_type=product&#038;p=278456"},"modified":"2026-04-14T13:54:58","modified_gmt":"2026-04-14T11:54:58","slug":"japan-matcha-daily","status":"publish","type":"product","link":"https:\/\/braciaziolkowscy.pl\/en\/product\/japan-matcha-daily\/","title":{"rendered":"Japan Matcha Daily"},"content":{"rendered":"<p>A very good tea with a classic, intense flavour and aroma. Ideal for everyday brewing and for baking cakes as well as other uses in the kitchen.<\/p>\n<p>&nbsp;<\/p>\n<p><strong>Composition:\u00a0<\/strong>100% green tea<\/p>","protected":false},"excerpt":{"rendered":"<p>Bardzo dobra herbata o klasycznym, intensywnym smaku i aromacie. Idealnie nada si\u0119 do parzenia na co dzie\u0144 i do pieczenia ciast jak i innych zastosowa\u0144 w kuchni. &nbsp; Sk\u0142ad:\u00a0100% herbata zielona<\/p>","protected":false},"featured_media":278946,"template":"","format":"standard","meta":{"_acf_changed":false},"product_brand":[],"product_cat":[26],"product_tag":[],"class_list":{"0":"post-278456","1":"product","2":"type-product","3":"status-publish","4":"format-standard","5":"has-post-thumbnail","7":"product_cat-herbaty","9":"first","10":"instock","11":"taxable","12":"shipping-taxable","13":"purchasable","14":"product-type-variable","15":"has-default-attributes"},"composite_virtual":false,"composite_layout":"","composite_add_to_cart_form_location":"","composite_editable_in_cart":false,"composite_sold_individually_context":"","composite_shop_price_calc":"","composite_components":[],"composite_scenarios":[],"acf":[],"wcpa_form_fields":null,"_links":{"self":[{"href":"https:\/\/braciaziolkowscy.pl\/en\/wp-json\/wp\/v2\/product\/278456","targetHints":{"allow":["GET"]}}],"collection":[{"href":"https:\/\/braciaziolkowscy.pl\/en\/wp-json\/wp\/v2\/product"}],"about":[{"href":"https:\/\/braciaziolkowscy.pl\/en\/wp-json\/wp\/v2\/types\/product"}],"wp:featuredmedia":[{"embeddable":true,"href":"https:\/\/braciaziolkowscy.pl\/en\/wp-json\/wp\/v2\/media\/278946"}],"wp:attachment":[{"href":"https:\/\/braciaziolkowscy.pl\/en\/wp-json\/wp\/v2\/media?parent=278456"}],"wp:term":[{"taxonomy":"product_brand","embeddable":true,"href":"https:\/\/braciaziolkowscy.pl\/en\/wp-json\/wp\/v2\/product_brand?post=278456"},{"taxonomy":"product_cat","embeddable":true,"href":"https:\/\/braciaziolkowscy.pl\/en\/wp-json\/wp\/v2\/product_cat?post=278456"},{"taxonomy":"product_tag","embeddable":true,"href":"https:\/\/braciaziolkowscy.pl\/en\/wp-json\/wp\/v2\/product_tag?post=278456"}],"curies":[{"name":"wp","href":"https:\/\/api.w.org\/{rel}","templated":true}]}}