{"id":278455,"date":"2025-12-05T11:20:40","date_gmt":"2025-12-05T10:20:40","guid":{"rendered":"https:\/\/braciaziolkowscy.pl\/?post_type=product&#038;p=278455"},"modified":"2026-04-14T14:02:58","modified_gmt":"2026-04-14T12:02:58","slug":"japan-matcha-premium","status":"publish","type":"product","link":"https:\/\/braciaziolkowscy.pl\/en\/product\/japan-matcha-premium\/","title":{"rendered":"Japan Matcha Premium"},"content":{"rendered":"<p>A great matcha with a deep, pleasant flavour and intense colour. Perfect for tea ceremonies or as a gift for someone special.<\/p>\n<p>&nbsp;<\/p>\n<p><strong>Composition:\u00a0<\/strong>100% green tea<\/p>","protected":false},"excerpt":{"rendered":"<p>\u015awietna matcha o g\u0142\u0119bokim, przyjemnym smaku i intensywnym kolorze. Doskonale nada si\u0119 do ceremonii herbacianych lub na prezent dla kogo\u015b wyj\u0105tkowego. &nbsp; Sk\u0142ad:\u00a0100% herbata zielona<\/p>","protected":false},"featured_media":281479,"template":"","format":"standard","meta":{"_acf_changed":false},"product_brand":[],"product_cat":[26],"product_tag":[],"class_list":{"0":"post-278455","1":"product","2":"type-product","3":"status-publish","4":"format-standard","5":"has-post-thumbnail","7":"product_cat-herbaty","9":"first","10":"instock","11":"taxable","12":"shipping-taxable","13":"purchasable","14":"product-type-variable","15":"has-default-attributes"},"composite_virtual":false,"composite_layout":"","composite_add_to_cart_form_location":"","composite_editable_in_cart":false,"composite_sold_individually_context":"","composite_shop_price_calc":"","composite_components":[],"composite_scenarios":[],"acf":[],"wcpa_form_fields":null,"_links":{"self":[{"href":"https:\/\/braciaziolkowscy.pl\/en\/wp-json\/wp\/v2\/product\/278455","targetHints":{"allow":["GET"]}}],"collection":[{"href":"https:\/\/braciaziolkowscy.pl\/en\/wp-json\/wp\/v2\/product"}],"about":[{"href":"https:\/\/braciaziolkowscy.pl\/en\/wp-json\/wp\/v2\/types\/product"}],"wp:featuredmedia":[{"embeddable":true,"href":"https:\/\/braciaziolkowscy.pl\/en\/wp-json\/wp\/v2\/media\/281479"}],"wp:attachment":[{"href":"https:\/\/braciaziolkowscy.pl\/en\/wp-json\/wp\/v2\/media?parent=278455"}],"wp:term":[{"taxonomy":"product_brand","embeddable":true,"href":"https:\/\/braciaziolkowscy.pl\/en\/wp-json\/wp\/v2\/product_brand?post=278455"},{"taxonomy":"product_cat","embeddable":true,"href":"https:\/\/braciaziolkowscy.pl\/en\/wp-json\/wp\/v2\/product_cat?post=278455"},{"taxonomy":"product_tag","embeddable":true,"href":"https:\/\/braciaziolkowscy.pl\/en\/wp-json\/wp\/v2\/product_tag?post=278455"}],"curies":[{"name":"wp","href":"https:\/\/api.w.org\/{rel}","templated":true}]}}