{"id":276113,"date":"2025-05-14T14:39:35","date_gmt":"2025-05-14T12:39:35","guid":{"rendered":"https:\/\/braciaziolkowscy.pl\/?post_type=product&#038;p=276113"},"modified":"2026-03-16T14:26:17","modified_gmt":"2026-03-16T13:26:17","slug":"filtr-v60-cafec-abaca-plus-bialy-cup4-100-szt","status":"publish","type":"product","link":"https:\/\/braciaziolkowscy.pl\/en\/product\/filtr-v60-cafec-abaca-plus-bialy-cup4-100-szt\/","title":{"rendered":"V60 filter Cafec Abaca+ Plus white cup4 100 pcs."},"content":{"rendered":"<p>Introducing to you our favourite filters for conical drippers. The CAFEC brand is known for its top-quality production and, on top of that, its repeatability - this paper is always the same, the individual parts do not vary in weight, which gives an even flow of coffee during brewing.<\/p>\n<p>&nbsp;<\/p>\n<p>The filters are made in Japan from ABACA fibres - a banana tree from the Philippines, a well-known<\/p>","protected":false},"excerpt":{"rendered":"<p>Przedstawiamy Wam nasze ulubione filtry do sto\u017ckowych dripper\u00f3w. Marka CAFEC znana jest z najwy\u017cszej jako\u015bci produkcji, a do tego powtarzalno\u015bci \u2013 ten papier jest zawsze taki sam, poszczeg\u00f3lne jego cz\u0119\u015bci nie r\u00f3\u017cni\u0105 si\u0119 pod wzgl\u0119dem gramatury, co daje r\u00f3wnomierny przep\u0142yw kawy w trakcie zaparzania. &nbsp; Filtry wyprodukowano w Japonii z w\u0142\u00f3kien ABACA - pochodz\u0105cego z [&hellip;]<\/p>\n","protected":false},"featured_media":280908,"template":"","format":"standard","meta":{"_acf_changed":false},"product_brand":[],"product_cat":[25],"product_tag":[],"class_list":{"0":"post-276113","1":"product","2":"type-product","3":"status-publish","4":"format-standard","5":"has-post-thumbnail","7":"product_cat-akcesoria","9":"first","10":"instock","11":"taxable","12":"shipping-taxable","13":"purchasable","14":"product-type-simple"},"composite_virtual":false,"composite_layout":"","composite_add_to_cart_form_location":"","composite_editable_in_cart":false,"composite_sold_individually_context":"","composite_shop_price_calc":"","composite_components":[],"composite_scenarios":[],"acf":[],"wcpa_form_fields":null,"_links":{"self":[{"href":"https:\/\/braciaziolkowscy.pl\/en\/wp-json\/wp\/v2\/product\/276113","targetHints":{"allow":["GET"]}}],"collection":[{"href":"https:\/\/braciaziolkowscy.pl\/en\/wp-json\/wp\/v2\/product"}],"about":[{"href":"https:\/\/braciaziolkowscy.pl\/en\/wp-json\/wp\/v2\/types\/product"}],"wp:featuredmedia":[{"embeddable":true,"href":"https:\/\/braciaziolkowscy.pl\/en\/wp-json\/wp\/v2\/media\/280908"}],"wp:attachment":[{"href":"https:\/\/braciaziolkowscy.pl\/en\/wp-json\/wp\/v2\/media?parent=276113"}],"wp:term":[{"taxonomy":"product_brand","embeddable":true,"href":"https:\/\/braciaziolkowscy.pl\/en\/wp-json\/wp\/v2\/product_brand?post=276113"},{"taxonomy":"product_cat","embeddable":true,"href":"https:\/\/braciaziolkowscy.pl\/en\/wp-json\/wp\/v2\/product_cat?post=276113"},{"taxonomy":"product_tag","embeddable":true,"href":"https:\/\/braciaziolkowscy.pl\/en\/wp-json\/wp\/v2\/product_tag?post=276113"}],"curies":[{"name":"wp","href":"https:\/\/api.w.org\/{rel}","templated":true}]}}