{"id":271519,"date":"2024-11-27T13:38:37","date_gmt":"2024-11-27T12:38:37","guid":{"rendered":"https:\/\/braciaziolkowscy.pl\/?post_type=product&#038;p=271519"},"modified":"2026-04-13T14:18:55","modified_gmt":"2026-04-13T12:18:55","slug":"capetown","status":"publish","type":"product","link":"https:\/\/braciaziolkowscy.pl\/en\/product\/capetown\/","title":{"rendered":"Roibos Capetown"},"content":{"rendered":"<p>Followers of rooibos should find something interesting here. It is, of course, very honeyed and sweet, but we detect notes of tropical fruit here. For some of us, this brew makes us think of Christmas gingerbread!<\/p>\n<p>&nbsp;<\/p>\n<p><strong>Profile: <\/strong>rose, hibiscus, candied fruit, apricot<strong><br \/>\n<\/strong><\/p>\n<p>&nbsp;<\/p>\n<p><strong>Weight:<\/strong> 70g<\/p>\n<p>&nbsp;<\/p>\n<p><strong>Brewing method: <\/strong>1g of dried fruit per 50g of water at 100\u2103; brewing time 7-10min; 1 pour.<strong><br \/>\n<\/strong><\/p>\n<p>&nbsp;<\/p>\n<p><strong>Composition: <\/strong>rooibos, candied pineapple, candied papaya, marigold, cornflower, blue cornflower<\/p>","protected":false},"excerpt":{"rendered":"<p>Zwolennicy rooibosa powinni tu znale\u017a\u0107 co\u015b ciekawego. Jest oczywi\u015bcie bardzo miodowo i s\u0142odko, ale wyczuwamy tu nuty owoc\u00f3w tropikalnych. Niekt\u00f3rym z nas ten napar przywodzi na my\u015bl \u015bwi\u0105teczne pierniczki! &nbsp; Profil: r\u00f3\u017ca, hibiskus, kandyzowane owoce, morela &nbsp; Waga: 70g &nbsp; Spos\u00f3b zaparzania: 1g suszu na 50g wody o temperaturze 100\u2103; czas zaparzania 7-10min; 1 zalanie [&hellip;]<\/p>\n","protected":false},"featured_media":271657,"template":"","format":"standard","meta":{"_acf_changed":false},"product_brand":[],"product_cat":[26],"product_tag":[],"class_list":{"0":"post-271519","1":"product","2":"type-product","3":"status-publish","4":"format-standard","5":"has-post-thumbnail","7":"product_cat-herbaty","9":"first","10":"instock","11":"taxable","12":"shipping-taxable","13":"purchasable","14":"product-type-simple"},"composite_virtual":false,"composite_layout":"","composite_add_to_cart_form_location":"","composite_editable_in_cart":false,"composite_sold_individually_context":"","composite_shop_price_calc":"","composite_components":[],"composite_scenarios":[],"acf":[],"wcpa_form_fields":null,"_links":{"self":[{"href":"https:\/\/braciaziolkowscy.pl\/en\/wp-json\/wp\/v2\/product\/271519","targetHints":{"allow":["GET"]}}],"collection":[{"href":"https:\/\/braciaziolkowscy.pl\/en\/wp-json\/wp\/v2\/product"}],"about":[{"href":"https:\/\/braciaziolkowscy.pl\/en\/wp-json\/wp\/v2\/types\/product"}],"wp:featuredmedia":[{"embeddable":true,"href":"https:\/\/braciaziolkowscy.pl\/en\/wp-json\/wp\/v2\/media\/271657"}],"wp:attachment":[{"href":"https:\/\/braciaziolkowscy.pl\/en\/wp-json\/wp\/v2\/media?parent=271519"}],"wp:term":[{"taxonomy":"product_brand","embeddable":true,"href":"https:\/\/braciaziolkowscy.pl\/en\/wp-json\/wp\/v2\/product_brand?post=271519"},{"taxonomy":"product_cat","embeddable":true,"href":"https:\/\/braciaziolkowscy.pl\/en\/wp-json\/wp\/v2\/product_cat?post=271519"},{"taxonomy":"product_tag","embeddable":true,"href":"https:\/\/braciaziolkowscy.pl\/en\/wp-json\/wp\/v2\/product_tag?post=271519"}],"curies":[{"name":"wp","href":"https:\/\/api.w.org\/{rel}","templated":true}]}}