{"id":271518,"date":"2024-09-10T17:45:48","date_gmt":"2024-09-10T15:45:48","guid":{"rendered":"https:\/\/braciaziolkowscy.pl\/?post_type=product&#038;p=271518"},"modified":"2026-04-20T18:38:52","modified_gmt":"2026-04-20T16:38:52","slug":"elixir-of-life","status":"publish","type":"product","link":"https:\/\/braciaziolkowscy.pl\/en\/product\/elixir-of-life\/","title":{"rendered":"Elixir of Life"},"content":{"rendered":"<p>A fruity tea with forest fruits and raspberries on the front. Alongside these are delicate spicy notes. The perfect companion for the autumn weather!<\/p>\n<p>&nbsp;<\/p>\n<p><strong>Profile:<\/strong> <span data-sheets-formula-bar-text-style=\"font-size:13px;color:#000000;font-weight:normal;text-decoration:none;font-family:'Arial';font-style:normal;text-decoration-skip-ink:none;\">peach, papaya, spices<\/span><\/p>\n<p>&nbsp;<\/p>\n<p><strong>Weight:<\/strong> 70g<\/p>\n<p>&nbsp;<\/p>\n<p><strong>Brewing method:<\/strong> 1g of dried fruit per 50g of water at 100\u2103; brewing time 7-10min; 1 pour.<\/p>\n<p>&nbsp;<\/p>\n<p><strong>Composition: <\/strong>dried apple, hibiscus, candied papaya, candied pineapple, dried grapes, cinnamon sticks, candied coconut, rooibos, carrot, elderflower, beetroot, strawberry, redcurrant, raspberry<\/p>","protected":false},"excerpt":{"rendered":"<p>Herbata owocowa z owocami le\u015bnymi i malinami na froncie. Obok nich pojawiaj\u0105 si\u0119 delikatne nuty korzenne. Doskona\u0142y towarzysz jesiennej pogody! &nbsp; Profil: brzoskwinia, papaja, przyprawy &nbsp; Waga: 70g &nbsp; Spos\u00f3b zaparzania: 1g suszu na 50g wody o temperaturze 100\u2103; czas zaparzania 7-10min; 1 zalanie &nbsp; Sk\u0142ad: suszone jab\u0142ko, hibiskus, kandyzowana papaja, kandyzowany ananas, suszone winogrona, [&hellip;]<\/p>\n","protected":false},"featured_media":271651,"template":"","format":"standard","meta":{"_acf_changed":false},"product_brand":[],"product_cat":[26],"product_tag":[],"class_list":{"0":"post-271518","1":"product","2":"type-product","3":"status-publish","4":"format-standard","5":"has-post-thumbnail","7":"product_cat-herbaty","9":"first","10":"instock","11":"taxable","12":"shipping-taxable","13":"purchasable","14":"product-type-simple"},"composite_virtual":false,"composite_layout":"","composite_add_to_cart_form_location":"","composite_editable_in_cart":false,"composite_sold_individually_context":"","composite_shop_price_calc":"","composite_components":[],"composite_scenarios":[],"acf":[],"wcpa_form_fields":null,"_links":{"self":[{"href":"https:\/\/braciaziolkowscy.pl\/en\/wp-json\/wp\/v2\/product\/271518","targetHints":{"allow":["GET"]}}],"collection":[{"href":"https:\/\/braciaziolkowscy.pl\/en\/wp-json\/wp\/v2\/product"}],"about":[{"href":"https:\/\/braciaziolkowscy.pl\/en\/wp-json\/wp\/v2\/types\/product"}],"wp:featuredmedia":[{"embeddable":true,"href":"https:\/\/braciaziolkowscy.pl\/en\/wp-json\/wp\/v2\/media\/271651"}],"wp:attachment":[{"href":"https:\/\/braciaziolkowscy.pl\/en\/wp-json\/wp\/v2\/media?parent=271518"}],"wp:term":[{"taxonomy":"product_brand","embeddable":true,"href":"https:\/\/braciaziolkowscy.pl\/en\/wp-json\/wp\/v2\/product_brand?post=271518"},{"taxonomy":"product_cat","embeddable":true,"href":"https:\/\/braciaziolkowscy.pl\/en\/wp-json\/wp\/v2\/product_cat?post=271518"},{"taxonomy":"product_tag","embeddable":true,"href":"https:\/\/braciaziolkowscy.pl\/en\/wp-json\/wp\/v2\/product_tag?post=271518"}],"curies":[{"name":"wp","href":"https:\/\/api.w.org\/{rel}","templated":true}]}}