{"id":271517,"date":"2024-11-27T13:41:20","date_gmt":"2024-11-27T12:41:20","guid":{"rendered":"https:\/\/braciaziolkowscy.pl\/?post_type=product&#038;p=271517"},"modified":"2026-04-14T23:27:03","modified_gmt":"2026-04-14T21:27:03","slug":"flower-of-provence","status":"publish","type":"product","link":"https:\/\/braciaziolkowscy.pl\/en\/product\/flower-of-provence\/","title":{"rendered":"Flower of Provence"},"content":{"rendered":"<p>A sweet infusion with a fruity and herbal character. It's also very lavender-y, we associate it all with autumn evenings spent with a good novel.<\/p>\n<p>&nbsp;<\/p>\n<p><strong>Composition: <\/strong>Fruit and herb mixture<\/p>\n<p>&nbsp;<\/p>\n<p><strong>Profile: <\/strong>lavender, strawberry, apple, flower, dried fruit, sultanas<strong><br \/>\n<\/strong><\/p>\n<p>&nbsp;<\/p>\n<p><strong>Weight:<\/strong> 70g<\/p>\n<p>&nbsp;<\/p>\n<p><strong>Brewing method: <\/strong>1g of dried fruit per 50g of water at 100\u2103; brewing time 7-10min; 1 pour.<strong><br \/>\n<\/strong><\/p>\n<p>&nbsp;<\/p>\n<p><strong>Full composition: <\/strong>apple, nettle, verbena, fennel, rose buds, strawberry, lavender, mallow, calendula, basil, rosemary, thyme<\/p>","protected":false},"excerpt":{"rendered":"<p>S\u0142odki napar o owocowo-zio\u0142owym charakterze. Jest te\u017c bardzo lawendowo, kojarzy nam si\u0119 to wszystko z jesiennymi wieczorami sp\u0119dzonymi z dobr\u0105 powie\u015bci\u0105. &nbsp; Sk\u0142ad: Mieszanka owocowo zio\u0142owa &nbsp; Profil: lawenda, truskawka, jab\u0142ko, kwiatek, suszone owoce, rodzynki &nbsp; Waga: 70g &nbsp; Spos\u00f3b zaparzania: 1g suszu na 50g wody o temperaturze 100\u2103; czas zaparzania 7-10min; 1 zalanie &nbsp; [&hellip;]<\/p>\n","protected":false},"featured_media":271660,"template":"","format":"standard","meta":{"_acf_changed":false},"product_brand":[],"product_cat":[26],"product_tag":[],"class_list":{"0":"post-271517","1":"product","2":"type-product","3":"status-publish","4":"format-standard","5":"has-post-thumbnail","7":"product_cat-herbaty","9":"first","10":"instock","11":"taxable","12":"shipping-taxable","13":"purchasable","14":"product-type-simple"},"composite_virtual":false,"composite_layout":"","composite_add_to_cart_form_location":"","composite_editable_in_cart":false,"composite_sold_individually_context":"","composite_shop_price_calc":"","composite_components":[],"composite_scenarios":[],"acf":[],"wcpa_form_fields":null,"_links":{"self":[{"href":"https:\/\/braciaziolkowscy.pl\/en\/wp-json\/wp\/v2\/product\/271517","targetHints":{"allow":["GET"]}}],"collection":[{"href":"https:\/\/braciaziolkowscy.pl\/en\/wp-json\/wp\/v2\/product"}],"about":[{"href":"https:\/\/braciaziolkowscy.pl\/en\/wp-json\/wp\/v2\/types\/product"}],"wp:featuredmedia":[{"embeddable":true,"href":"https:\/\/braciaziolkowscy.pl\/en\/wp-json\/wp\/v2\/media\/271660"}],"wp:attachment":[{"href":"https:\/\/braciaziolkowscy.pl\/en\/wp-json\/wp\/v2\/media?parent=271517"}],"wp:term":[{"taxonomy":"product_brand","embeddable":true,"href":"https:\/\/braciaziolkowscy.pl\/en\/wp-json\/wp\/v2\/product_brand?post=271517"},{"taxonomy":"product_cat","embeddable":true,"href":"https:\/\/braciaziolkowscy.pl\/en\/wp-json\/wp\/v2\/product_cat?post=271517"},{"taxonomy":"product_tag","embeddable":true,"href":"https:\/\/braciaziolkowscy.pl\/en\/wp-json\/wp\/v2\/product_tag?post=271517"}],"curies":[{"name":"wp","href":"https:\/\/api.w.org\/{rel}","templated":true}]}}