{"id":271515,"date":"2024-10-16T17:04:19","date_gmt":"2024-10-16T15:04:19","guid":{"rendered":"https:\/\/braciaziolkowscy.pl\/?post_type=product&#038;p=271515"},"modified":"2026-04-03T09:10:29","modified_gmt":"2026-04-03T07:10:29","slug":"china-jasmin","status":"publish","type":"product","link":"https:\/\/braciaziolkowscy.pl\/en\/product\/china-jasmin\/","title":{"rendered":"China Jasmin"},"content":{"rendered":"<p>This is such a classic that it actually needs no introduction. We've been looking for a long time for a tea that tastes as good as this one. But after testing a large number of them, there it is at last! No fan of jasmine teas should be disappointed.<\/p>\n<p>&nbsp;<\/p>\n<p><strong>Origins: <\/strong>China<\/p>\n<p>&nbsp;<\/p>\n<p><strong>Composition:<\/strong> 100% jasmine green tea<\/p>\n<p>&nbsp;<\/p>\n<p><strong>Profile:<\/strong> jasmine, citrus<\/p>\n<p>&nbsp;<\/p>\n<p><strong>Weight:<\/strong> 70g<\/p>\n<p>&nbsp;<\/p>\n<p><strong>Brewing method:<\/strong> 1g of tea per 50g of water at 80\u2103; brewing time 2min; 3 pours<\/p>","protected":false},"excerpt":{"rendered":"<p>To jest taki klasyk, \u017ce w\u0142a\u015bciwie przedstawia\u0107 go nie trzeba. D\u0142ugo szukali\u015bmy herbaty, kt\u00f3ra b\u0119dzie nam tak smakowa\u0142a jak ta. Ale po przetestowaniu du\u017cej ich liczby w ko\u0144cu jest! \u017baden fan ja\u015bminowych herbat nie powinien by\u0107 zawiedziony. &nbsp; Pochodzenie: Chiny &nbsp; Sk\u0142ad: 100% zielona herbata ja\u015bminowa &nbsp; Profil: ja\u015bmin, cytrusy &nbsp; Waga: 70g &nbsp; Spos\u00f3b [&hellip;]<\/p>\n","protected":false},"featured_media":271654,"template":"","format":"standard","meta":{"_acf_changed":false},"product_brand":[],"product_cat":[26],"product_tag":[],"class_list":{"0":"post-271515","1":"product","2":"type-product","3":"status-publish","4":"format-standard","5":"has-post-thumbnail","7":"product_cat-herbaty","9":"first","10":"instock","11":"taxable","12":"shipping-taxable","13":"purchasable","14":"product-type-simple"},"composite_virtual":false,"composite_layout":"","composite_add_to_cart_form_location":"","composite_editable_in_cart":false,"composite_sold_individually_context":"","composite_shop_price_calc":"","composite_components":[],"composite_scenarios":[],"acf":[],"wcpa_form_fields":null,"_links":{"self":[{"href":"https:\/\/braciaziolkowscy.pl\/en\/wp-json\/wp\/v2\/product\/271515","targetHints":{"allow":["GET"]}}],"collection":[{"href":"https:\/\/braciaziolkowscy.pl\/en\/wp-json\/wp\/v2\/product"}],"about":[{"href":"https:\/\/braciaziolkowscy.pl\/en\/wp-json\/wp\/v2\/types\/product"}],"wp:featuredmedia":[{"embeddable":true,"href":"https:\/\/braciaziolkowscy.pl\/en\/wp-json\/wp\/v2\/media\/271654"}],"wp:attachment":[{"href":"https:\/\/braciaziolkowscy.pl\/en\/wp-json\/wp\/v2\/media?parent=271515"}],"wp:term":[{"taxonomy":"product_brand","embeddable":true,"href":"https:\/\/braciaziolkowscy.pl\/en\/wp-json\/wp\/v2\/product_brand?post=271515"},{"taxonomy":"product_cat","embeddable":true,"href":"https:\/\/braciaziolkowscy.pl\/en\/wp-json\/wp\/v2\/product_cat?post=271515"},{"taxonomy":"product_tag","embeddable":true,"href":"https:\/\/braciaziolkowscy.pl\/en\/wp-json\/wp\/v2\/product_tag?post=271515"}],"curies":[{"name":"wp","href":"https:\/\/api.w.org\/{rel}","templated":true}]}}