{"id":271514,"date":"2024-11-27T13:42:34","date_gmt":"2024-11-27T12:42:34","guid":{"rendered":"https:\/\/braciaziolkowscy.pl\/?post_type=product&#038;p=271514"},"modified":"2026-04-07T14:01:49","modified_gmt":"2026-04-07T12:01:49","slug":"japan-sencha","status":"publish","type":"product","link":"https:\/\/braciaziolkowscy.pl\/en\/product\/japan-sencha\/","title":{"rendered":"Japan Sencha"},"content":{"rendered":"<p>A spicy and very dry tea. As befits a sencha it is gently reminiscent of hayrides. A classic of the genre!<\/p>\n<p>&nbsp;<\/p>\n<p><strong>Origins: <\/strong>Japan<\/p>\n<p>&nbsp;<\/p>\n<p><strong>Composition:<\/strong> 100% sencha green tea<\/p>\n<p>&nbsp;<\/p>\n<p><strong>Profile:<\/strong> fresh hay, rice, oatmeal, lemon, red grapefruit, lemongrass<\/p>\n<p>&nbsp;<\/p>\n<p><strong>Weight:<\/strong> 70g<\/p>\n<p>&nbsp;<\/p>\n<p><strong>Brewing method:<\/strong> 1g of tea per 50g of water at 80\u2103; brewing time 2min; 3 pours<\/p>","protected":false},"excerpt":{"rendered":"<p>Pikantna i bardzo wytrawna herbata. Jak przysta\u0142o na sench\u0119 przywodzi delikatnie na my\u015bl sianokosy. Klasyka gatunku! &nbsp; Pochodzenie: Japonia &nbsp; Sk\u0142ad: 100% zielona herbata sencha &nbsp; Profil: \u015bwie\u017ce siano, ry\u017c, p\u0142atki owsiane, cytryna, czerwony grejpfrut, trawa cytrynowa &nbsp; Waga: 70g &nbsp; Spos\u00f3b zaparzania: 1g herbaty na 50g wody o temperaturze 80\u2103; czas zaparzania 2min; 3 [&hellip;]<\/p>\n","protected":false},"featured_media":271655,"template":"","format":"standard","meta":{"_acf_changed":false},"product_brand":[],"product_cat":[26],"product_tag":[],"class_list":{"0":"post-271514","1":"product","2":"type-product","3":"status-publish","4":"format-standard","5":"has-post-thumbnail","7":"product_cat-herbaty","9":"first","10":"instock","11":"taxable","12":"shipping-taxable","13":"purchasable","14":"product-type-simple"},"composite_virtual":false,"composite_layout":"","composite_add_to_cart_form_location":"","composite_editable_in_cart":false,"composite_sold_individually_context":"","composite_shop_price_calc":"","composite_components":[],"composite_scenarios":[],"acf":[],"wcpa_form_fields":null,"_links":{"self":[{"href":"https:\/\/braciaziolkowscy.pl\/en\/wp-json\/wp\/v2\/product\/271514","targetHints":{"allow":["GET"]}}],"collection":[{"href":"https:\/\/braciaziolkowscy.pl\/en\/wp-json\/wp\/v2\/product"}],"about":[{"href":"https:\/\/braciaziolkowscy.pl\/en\/wp-json\/wp\/v2\/types\/product"}],"wp:featuredmedia":[{"embeddable":true,"href":"https:\/\/braciaziolkowscy.pl\/en\/wp-json\/wp\/v2\/media\/271655"}],"wp:attachment":[{"href":"https:\/\/braciaziolkowscy.pl\/en\/wp-json\/wp\/v2\/media?parent=271514"}],"wp:term":[{"taxonomy":"product_brand","embeddable":true,"href":"https:\/\/braciaziolkowscy.pl\/en\/wp-json\/wp\/v2\/product_brand?post=271514"},{"taxonomy":"product_cat","embeddable":true,"href":"https:\/\/braciaziolkowscy.pl\/en\/wp-json\/wp\/v2\/product_cat?post=271514"},{"taxonomy":"product_tag","embeddable":true,"href":"https:\/\/braciaziolkowscy.pl\/en\/wp-json\/wp\/v2\/product_tag?post=271514"}],"curies":[{"name":"wp","href":"https:\/\/api.w.org\/{rel}","templated":true}]}}