{"id":255,"date":"2023-05-15T12:57:08","date_gmt":"2023-05-15T10:57:08","guid":{"rendered":"https:\/\/bracia-ziolkowscy.uxtivity.com\/?post_type=product&#038;p=255"},"modified":"2026-04-13T13:00:27","modified_gmt":"2026-04-13T11:00:27","slug":"brazylia-cerrado","status":"publish","type":"product","link":"https:\/\/braciaziolkowscy.pl\/en\/product\/brazylia-cerrado\/","title":{"rendered":"Brazil Cerrado"},"content":{"rendered":"<p class=\"margin-bottom margin-small\">Je\u015bli szukasz kawy nie za kwa\u015bnej, nie za gorzkiej, z nutami czekolady i orzech\u00f3w \u2013 oto ona!\u00a0\u015arednio palona, \u0142agodna, s\u0142odka. Standard, ale na jakim poziomie!<\/p>","protected":false},"excerpt":{"rendered":"<p>If you're looking for a coffee that's not too acidic, not too bitter, with notes of chocolate and nuts - here it is!<\/p>","protected":false},"featured_media":272429,"template":"","format":"standard","meta":{"_acf_changed":false},"product_brand":[],"product_cat":[22,71],"product_tag":[76,74,75,77,98,99,100,102,107,108],"class_list":{"0":"post-255","1":"product","2":"type-product","3":"status-publish","4":"format-standard","5":"has-post-thumbnail","7":"product_cat-do-ekspresow-i-kawiarek","8":"product_cat-klasyki-braci","9":"product_tag-1-ekspres-cisnieniowy","10":"product_tag-1-ekspres-kolbowy","11":"product_tag-1-kawiarka","12":"product_tag-1-zalewajka-french-press","13":"product_tag-2-czarna","14":"product_tag-2-z-mlekiem","15":"product_tag-3-normalnie","16":"product_tag-4-niska","17":"product_tag-5-ciemny","18":"product_tag-6-raczej-tradycyjny","20":"first","21":"instock","22":"taxable","23":"shipping-taxable","24":"purchasable","25":"product-type-variable","26":"has-default-attributes"},"composite_virtual":false,"composite_layout":"","composite_add_to_cart_form_location":"","composite_editable_in_cart":false,"composite_sold_individually_context":"","composite_shop_price_calc":"","composite_components":[],"composite_scenarios":[],"acf":[],"wcpa_form_fields":null,"_links":{"self":[{"href":"https:\/\/braciaziolkowscy.pl\/en\/wp-json\/wp\/v2\/product\/255","targetHints":{"allow":["GET"]}}],"collection":[{"href":"https:\/\/braciaziolkowscy.pl\/en\/wp-json\/wp\/v2\/product"}],"about":[{"href":"https:\/\/braciaziolkowscy.pl\/en\/wp-json\/wp\/v2\/types\/product"}],"wp:featuredmedia":[{"embeddable":true,"href":"https:\/\/braciaziolkowscy.pl\/en\/wp-json\/wp\/v2\/media\/272429"}],"wp:attachment":[{"href":"https:\/\/braciaziolkowscy.pl\/en\/wp-json\/wp\/v2\/media?parent=255"}],"wp:term":[{"taxonomy":"product_brand","embeddable":true,"href":"https:\/\/braciaziolkowscy.pl\/en\/wp-json\/wp\/v2\/product_brand?post=255"},{"taxonomy":"product_cat","embeddable":true,"href":"https:\/\/braciaziolkowscy.pl\/en\/wp-json\/wp\/v2\/product_cat?post=255"},{"taxonomy":"product_tag","embeddable":true,"href":"https:\/\/braciaziolkowscy.pl\/en\/wp-json\/wp\/v2\/product_tag?post=255"}],"curies":[{"name":"wp","href":"https:\/\/api.w.org\/{rel}","templated":true}]}}