{"id":16074,"date":"2023-07-17T17:13:40","date_gmt":"2023-07-17T15:13:40","guid":{"rendered":"https:\/\/bracia-ziolkowscy.uxtivity.com\/?page_id=16074"},"modified":"2026-03-27T10:46:12","modified_gmt":"2026-03-27T09:46:12","slug":"wysylka-i-zwroty","status":"publish","type":"page","link":"https:\/\/braciaziolkowscy.pl\/en\/wysylka-i-zwroty\/","title":{"rendered":"Shipping and returns"},"content":{"rendered":"<h3 class=\"wp-block-heading\">Shipping information<\/h3>\n\n\n\n<p>We dispatch your order within 2-4 working days of placing it.<\/p>\n\n\n\n<p>To be more specific: we try not to keep coffee on the shelves for long, so if we do not have a particular coffee in stock, we have to replenish the order after the roasting days. We roast on Tuesdays and Thursdays, pack the coffee and send it out on Wednesdays and Fridays.<\/p>\n\n\n\n<p>Depending on the form of shipment chosen, the parcel may take another 2 to 5 days to arrive.<\/p>\n\n\n\n<p>Shipping cost:<\/p>\n\n\n\n<p>PLN 15 - inPost courier (free courier shipping from PLN 150)<\/p>\n\n\n\n<p>PLN 13 - inPost parcel machine (free shipment to parcel machines from PLN 129)<\/p>\n\n\n\n<p>Please also contact us if you have any questions or concerns.<\/p>\n\n\n\n<p>Returns should be addressed - together with the purchase receipt and return form - to:<\/p>\n\n\n\n<p>Ziolkowski Brothers<\/p>\n\n\n\n<p>Meadow 1<\/p>\n\n\n\n<p>26-804 Stromiec<\/p>\n\n\n\n<p>Return form: <a href=\"https:\/\/braciaziolkowscy.pl\/wp-content\/uploads\/2025\/10\/FORMULARZ_ZWROTU.docx\">to download here<\/a>.<\/p>","protected":false},"excerpt":{"rendered":"<p>Informacje o wysy\u0142ce Zam\u00f3wienie wysy\u0142amy w ci\u0105gu 2-4 dni roboczych od z\u0142o\u017cenia. Bardziej szczeg\u00f3\u0142owo: staramy si\u0119 nie trzyma\u0107 kawy d\u0142ugo na p\u00f3\u0142kach, dlatego je\u015bli akurat danej kawy nie mamy w magazynie, zam\u00f3wienie musimy uzupe\u0142ni\u0107 po dni palenia. Palimy we wtorki i czwartki, kaw\u0119 pakujemy i rozsy\u0142amy w \u015brody i pi\u0105tki. W zale\u017cno\u015bci od wybranej formy [&hellip;]<\/p>\n","protected":false},"author":18,"featured_media":0,"parent":0,"menu_order":0,"comment_status":"closed","ping_status":"closed","template":"","meta":{"_acf_changed":false,"footnotes":""},"class_list":["post-16074","page","type-page","status-publish","format-standard","hentry"],"acf":[],"_links":{"self":[{"href":"https:\/\/braciaziolkowscy.pl\/en\/wp-json\/wp\/v2\/pages\/16074","targetHints":{"allow":["GET"]}}],"collection":[{"href":"https:\/\/braciaziolkowscy.pl\/en\/wp-json\/wp\/v2\/pages"}],"about":[{"href":"https:\/\/braciaziolkowscy.pl\/en\/wp-json\/wp\/v2\/types\/page"}],"author":[{"embeddable":true,"href":"https:\/\/braciaziolkowscy.pl\/en\/wp-json\/wp\/v2\/users\/18"}],"replies":[{"embeddable":true,"href":"https:\/\/braciaziolkowscy.pl\/en\/wp-json\/wp\/v2\/comments?post=16074"}],"version-history":[{"count":2,"href":"https:\/\/braciaziolkowscy.pl\/en\/wp-json\/wp\/v2\/pages\/16074\/revisions"}],"predecessor-version":[{"id":281974,"href":"https:\/\/braciaziolkowscy.pl\/en\/wp-json\/wp\/v2\/pages\/16074\/revisions\/281974"}],"wp:attachment":[{"href":"https:\/\/braciaziolkowscy.pl\/en\/wp-json\/wp\/v2\/media?parent=16074"}],"curies":[{"name":"wp","href":"https:\/\/api.w.org\/{rel}","templated":true}]}}